{"id":2209,"date":"2021-01-24T19:05:40","date_gmt":"2021-01-24T18:05:40","guid":{"rendered":"https:\/\/www.armons1.be\/?page_id=2209"},"modified":"2026-01-29T16:55:25","modified_gmt":"2026-01-29T15:55:25","slug":"centre-pms","status":"publish","type":"page","link":"https:\/\/www.armons1.be\/index.php\/centre-pms\/","title":{"rendered":"Centre PMS"},"content":{"rendered":"<p>[et_pb_section fb_built=\u00a0\u00bb1&Prime; _builder_version=\u00a0\u00bb4.16&Prime; _module_preset=\u00a0\u00bbdefault\u00a0\u00bb background_image=\u00a0\u00bbhttps:\/\/www.armons1.be\/wp-content\/uploads\/2021\/01\/logo_2-1.jpg\u00a0\u00bb background_size=\u00a0\u00bbcontain\u00a0\u00bb custom_margin=\u00a0\u00bb50px||||false|false\u00a0\u00bb custom_margin_tablet=\u00a0\u00bb\u00a0\u00bb custom_margin_phone=\u00a0\u00bb\u00a0\u00bb custom_margin_last_edited=\u00a0\u00bbon|desktop\u00a0\u00bb da_disable_devices=\u00a0\u00bboff|off|off\u00a0\u00bb global_colors_info=\u00a0\u00bb{}\u00a0\u00bb da_is_popup=\u00a0\u00bboff\u00a0\u00bb da_exit_intent=\u00a0\u00bboff\u00a0\u00bb da_has_close=\u00a0\u00bbon\u00a0\u00bb da_alt_close=\u00a0\u00bboff\u00a0\u00bb da_dark_close=\u00a0\u00bboff\u00a0\u00bb da_not_modal=\u00a0\u00bbon\u00a0\u00bb da_is_singular=\u00a0\u00bboff\u00a0\u00bb da_with_loader=\u00a0\u00bboff\u00a0\u00bb da_has_shadow=\u00a0\u00bbon\u00a0\u00bb][\/et_pb_section][et_pb_section fb_built=\u00a0\u00bb1&Prime; _builder_version=\u00a0\u00bb4.16&Prime; _module_preset=\u00a0\u00bbdefault\u00a0\u00bb da_disable_devices=\u00a0\u00bboff|off|off\u00a0\u00bb global_colors_info=\u00a0\u00bb{}\u00a0\u00bb da_is_popup=\u00a0\u00bboff\u00a0\u00bb da_exit_intent=\u00a0\u00bboff\u00a0\u00bb da_has_close=\u00a0\u00bbon\u00a0\u00bb da_alt_close=\u00a0\u00bboff\u00a0\u00bb da_dark_close=\u00a0\u00bboff\u00a0\u00bb da_not_modal=\u00a0\u00bbon\u00a0\u00bb da_is_singular=\u00a0\u00bboff\u00a0\u00bb da_with_loader=\u00a0\u00bboff\u00a0\u00bb da_has_shadow=\u00a0\u00bbon\u00a0\u00bb][et_pb_row _builder_version=\u00a0\u00bb4.16&Prime; _module_preset=\u00a0\u00bbdefault\u00a0\u00bb custom_margin=\u00a0\u00bb-50px||||false|false\u00a0\u00bb global_colors_info=\u00a0\u00bb{}\u00a0\u00bb][et_pb_column type=\u00a0\u00bb4_4&Prime; _builder_version=\u00a0\u00bb4.16&Prime; _module_preset=\u00a0\u00bbdefault\u00a0\u00bb global_colors_info=\u00a0\u00bb{}\u00a0\u00bb][et_pb_text _builder_version=\u00a0\u00bb4.27.4&Prime; _module_preset=\u00a0\u00bbdefault\u00a0\u00bb hover_enabled=\u00a0\u00bb0&Prime; sticky_enabled=\u00a0\u00bb0&Prime;]<\/p>\n<h3 style=\"text-align: center;\"><span data-olk-copy-source=\"MessageBody\" style=\"margin-left: 0cm;\">Pour toute <span style=\"color: #ff0000;\">urgence prophylactique<\/span>, contacter Mme Fransens au 065.84.80.14 ou au 0477\/57.96.95.<\/span><\/h3>\n<p>[\/et_pb_text][et_pb_text _builder_version=\u00a0\u00bb4.16&Prime; _module_preset=\u00a0\u00bbdefault\u00a0\u00bb global_colors_info=\u00a0\u00bb{}\u00a0\u00bb]<\/p>\n<p>Le Centre PMS est un lieu d&rsquo;accueil, d&rsquo;\u00e9coute et de dialogue o\u00f9 le jeune et\/ou sa famille peuvent aborder les questions qui les pr\u00e9occupent en mati\u00e8re de scolarit\u00e9, d&rsquo;\u00e9ducation, de vie familiale et sociale, de sant\u00e9, d&rsquo;orientation scolaire et professionnelle, \u2026.<\/p>\n<p>Il est \u00e0 la disposition des \u00e9l\u00e8ves et de leurs parents, <strong>d\u00e8s l&rsquo;entr\u00e9e dans l&rsquo;enseignement maternel et jusqu&rsquo;\u00e0 la fin de l&rsquo;enseignement secondaire<\/strong>.<\/p>\n<p>Le Centre Psycho-M\u00e9dico-Social est un service <strong>gratuit. <\/strong><\/p>\n<p>Le personnel est soumis au <strong>secret<\/strong> <strong>professionne<\/strong><strong>l <\/strong>et travaille en toute ind\u00e9pendance vis-\u00e0-vis de l\u2019Ath\u00e9n\u00e9e.<\/p>\n<p>C\u2019est un endroit o\u00f9 les \u00e9l\u00e8ves (de l\u2019\u00e9cole fondamentale et de l\u2019\u00e9cole secondaire) et leurs parents peuvent \u00eatre \u00e9cout\u00e9s et aid\u00e9s en toute discr\u00e9tion.<\/p>\n<p>&nbsp;<\/p>\n<p><strong><u>Quatre personnes composent l\u2019\u00e9quipe :<\/u><\/strong><\/p>\n<p><strong><u><\/u><\/strong><\/p>\n<ul>\n<li><strong><span style=\"text-decoration: underline;\">Une directrice<\/span><\/strong> (Mme. Fransens)<\/li>\n<\/ul>\n<p>[\/et_pb_text][\/et_pb_column][\/et_pb_row][et_pb_row column_structure=\u00a0\u00bb1_2,1_2&Prime; _builder_version=\u00a0\u00bb4.16&Prime; _module_preset=\u00a0\u00bbdefault\u00a0\u00bb custom_margin=\u00a0\u00bb-50px||-40px||false|false\u00a0\u00bb custom_margin_tablet=\u00a0\u00bb\u00a0\u00bb custom_margin_phone=\u00a0\u00bb\u00a0\u00bb custom_margin_last_edited=\u00a0\u00bbon|desktop\u00a0\u00bb global_colors_info=\u00a0\u00bb{}\u00a0\u00bb][et_pb_column type=\u00a0\u00bb1_2&Prime; _builder_version=\u00a0\u00bb4.16&Prime; _module_preset=\u00a0\u00bbdefault\u00a0\u00bb global_colors_info=\u00a0\u00bb{}\u00a0\u00bb][et_pb_button button_url=\u00a0\u00bbmailto:direction.pmsmonswbe@gmail.com\u00a0\u00bb button_text=\u00a0\u00bbEmail\u00a0\u00bb button_alignment=\u00a0\u00bbcenter\u00a0\u00bb _builder_version=\u00a0\u00bb4.27.4&Prime; _module_preset=\u00a0\u00bbdefault\u00a0\u00bb hover_enabled=\u00a0\u00bb0&Prime; global_colors_info=\u00a0\u00bb{}\u00a0\u00bb sticky_enabled=\u00a0\u00bb0&Prime;][\/et_pb_button][\/et_pb_column][et_pb_column type=\u00a0\u00bb1_2&Prime; _builder_version=\u00a0\u00bb4.16&Prime; _module_preset=\u00a0\u00bbdefault\u00a0\u00bb global_colors_info=\u00a0\u00bb{}\u00a0\u00bb][et_pb_button button_url=\u00a0\u00bbtel:0477\/57 96 95&Prime; button_text=\u00a0\u00bbGSM : 0477 57 96 95&Prime; button_alignment=\u00a0\u00bbcenter\u00a0\u00bb _builder_version=\u00a0\u00bb4.27.4&Prime; _module_preset=\u00a0\u00bbdefault\u00a0\u00bb hover_enabled=\u00a0\u00bb0&Prime; global_colors_info=\u00a0\u00bb{}\u00a0\u00bb sticky_enabled=\u00a0\u00bb0&Prime;][\/et_pb_button][\/et_pb_column][\/et_pb_row][et_pb_row _builder_version=\u00a0\u00bb4.16&Prime; _module_preset=\u00a0\u00bbdefault\u00a0\u00bb global_colors_info=\u00a0\u00bb{}\u00a0\u00bb][et_pb_column type=\u00a0\u00bb4_4&Prime; _builder_version=\u00a0\u00bb4.16&Prime; _module_preset=\u00a0\u00bbdefault\u00a0\u00bb global_colors_info=\u00a0\u00bb{}\u00a0\u00bb][et_pb_text _builder_version=\u00a0\u00bb4.27.4&Prime; _module_preset=\u00a0\u00bbdefault\u00a0\u00bb hover_enabled=\u00a0\u00bb0&Prime; global_colors_info=\u00a0\u00bb{}\u00a0\u00bb sticky_enabled=\u00a0\u00bb0&Prime;]<\/p>\n<ul>\n<li><em><u>Une psychologue (Nathalie VERBEEST) <\/u><\/em>: elle\u00a0peut aider les enfants et jeunes pour des probl\u00e8mes personnels, des difficult\u00e9s d\u2019apprentissage, \u00e9valuer les aptitudes ou encore les centres d\u2019int\u00e9r\u00eats, donner des informations sur les formations et m\u00e9tiers, \u2026<\/li>\n<\/ul>\n<p>[\/et_pb_text][\/et_pb_column][\/et_pb_row][et_pb_row column_structure=\u00a0\u00bb1_2,1_2&Prime; _builder_version=\u00a0\u00bb4.16&Prime; _module_preset=\u00a0\u00bbdefault\u00a0\u00bb custom_margin=\u00a0\u00bb-50px||-40px||false|false\u00a0\u00bb custom_margin_tablet=\u00a0\u00bb\u00a0\u00bb custom_margin_phone=\u00a0\u00bb\u00a0\u00bb custom_margin_last_edited=\u00a0\u00bbon|desktop\u00a0\u00bb global_colors_info=\u00a0\u00bb{}\u00a0\u00bb][et_pb_column type=\u00a0\u00bb1_2&Prime; _builder_version=\u00a0\u00bb4.16&Prime; _module_preset=\u00a0\u00bbdefault\u00a0\u00bb global_colors_info=\u00a0\u00bb{}\u00a0\u00bb][et_pb_button button_url=\u00a0\u00bbmailto:verbeestn.pms@gmail.com\u00a0\u00bb button_text=\u00a0\u00bbEmail\u00a0\u00bb button_alignment=\u00a0\u00bbcenter\u00a0\u00bb _builder_version=\u00a0\u00bb4.17.4&Prime; _module_preset=\u00a0\u00bbdefault\u00a0\u00bb global_colors_info=\u00a0\u00bb{}\u00a0\u00bb][\/et_pb_button][\/et_pb_column][et_pb_column type=\u00a0\u00bb1_2&Prime; _builder_version=\u00a0\u00bb4.16&Prime; _module_preset=\u00a0\u00bbdefault\u00a0\u00bb global_colors_info=\u00a0\u00bb{}\u00a0\u00bb][et_pb_button button_url=\u00a0\u00bbtel:0478%2073%2027%2008&Prime; button_text=\u00a0\u00bbGSM : 0478 73 27 08&Prime; button_alignment=\u00a0\u00bbcenter\u00a0\u00bb _builder_version=\u00a0\u00bb4.27.4&Prime; _module_preset=\u00a0\u00bbdefault\u00a0\u00bb hover_enabled=\u00a0\u00bb0&Prime; global_colors_info=\u00a0\u00bb{}\u00a0\u00bb sticky_enabled=\u00a0\u00bb0&Prime;][\/et_pb_button][\/et_pb_column][\/et_pb_row][et_pb_row _builder_version=\u00a0\u00bb4.16&Prime; _module_preset=\u00a0\u00bbdefault\u00a0\u00bb global_colors_info=\u00a0\u00bb{}\u00a0\u00bb][et_pb_column type=\u00a0\u00bb4_4&Prime; _builder_version=\u00a0\u00bb4.16&Prime; _module_preset=\u00a0\u00bbdefault\u00a0\u00bb global_colors_info=\u00a0\u00bb{}\u00a0\u00bb][et_pb_text _builder_version=\u00a0\u00bb4.17.4&Prime; _module_preset=\u00a0\u00bbdefault\u00a0\u00bb hover_enabled=\u00a0\u00bb0&Prime; global_colors_info=\u00a0\u00bb{}\u00a0\u00bb sticky_enabled=\u00a0\u00bb0&Prime;]<\/p>\n<ul>\n<li><em><u>Une infirmi\u00e8re (M\u00e9lanie DAGNELY) <\/u><\/em>: elle peut r\u00e9pondre \u00e0 toute question \u00e0 propos de votre sant\u00e9, elle pr\u00e9voit des animations<br \/>\u00e0 propos de votre\u00a0bien-\u00eatre, elle organise des visites m\u00e9dicales en collaboration avec le m\u00e9decin du Centre\u2026<\/li>\n<\/ul>\n<p>[\/et_pb_text][\/et_pb_column][\/et_pb_row][et_pb_row column_structure=\u00a0\u00bb1_2,1_2&Prime; _builder_version=\u00a0\u00bb4.16&Prime; _module_preset=\u00a0\u00bbdefault\u00a0\u00bb custom_margin=\u00a0\u00bb-50px||-40px||false|false\u00a0\u00bb custom_margin_tablet=\u00a0\u00bb\u00a0\u00bb custom_margin_phone=\u00a0\u00bb\u00a0\u00bb custom_margin_last_edited=\u00a0\u00bbon|desktop\u00a0\u00bb global_colors_info=\u00a0\u00bb{}\u00a0\u00bb][et_pb_column type=\u00a0\u00bb1_2&Prime; _builder_version=\u00a0\u00bb4.16&Prime; _module_preset=\u00a0\u00bbdefault\u00a0\u00bb global_colors_info=\u00a0\u00bb{}\u00a0\u00bb][et_pb_button button_url=\u00a0\u00bbmailto:melanie.dagnely.pms@gmail.com\u00a0\u00bb button_text=\u00a0\u00bbEmail\u00a0\u00bb button_alignment=\u00a0\u00bbcenter\u00a0\u00bb _builder_version=\u00a0\u00bb4.17.4&Prime; _module_preset=\u00a0\u00bbdefault\u00a0\u00bb global_colors_info=\u00a0\u00bb{}\u00a0\u00bb][\/et_pb_button][\/et_pb_column][et_pb_column type=\u00a0\u00bb1_2&Prime; _builder_version=\u00a0\u00bb4.16&Prime; _module_preset=\u00a0\u00bbdefault\u00a0\u00bb global_colors_info=\u00a0\u00bb{}\u00a0\u00bb][et_pb_button button_url=\u00a0\u00bbtel:0478 73 26 87&Prime; button_text=\u00a0\u00bbGSM : 0478 73 26 87&Prime; button_alignment=\u00a0\u00bbcenter\u00a0\u00bb _builder_version=\u00a0\u00bb4.27.4&Prime; _module_preset=\u00a0\u00bbdefault\u00a0\u00bb hover_enabled=\u00a0\u00bb0&Prime; global_colors_info=\u00a0\u00bb{}\u00a0\u00bb sticky_enabled=\u00a0\u00bb0&Prime;][\/et_pb_button][\/et_pb_column][\/et_pb_row][et_pb_row disabled_on=\u00a0\u00bboff|off|off\u00a0\u00bb _builder_version=\u00a0\u00bb4.16&Prime; _module_preset=\u00a0\u00bbdefault\u00a0\u00bb global_colors_info=\u00a0\u00bb{}\u00a0\u00bb][et_pb_column type=\u00a0\u00bb4_4&Prime; _builder_version=\u00a0\u00bb4.16&Prime; _module_preset=\u00a0\u00bbdefault\u00a0\u00bb global_colors_info=\u00a0\u00bb{}\u00a0\u00bb][et_pb_text _builder_version=\u00a0\u00bb4.16&Prime; _module_preset=\u00a0\u00bbdefault\u00a0\u00bb global_colors_info=\u00a0\u00bb{}\u00a0\u00bb]<\/p>\n<ul>\n<li><em><u>Une assistante sociale (<span data-olk-copy-source=\"MessageBody\">Letizia<\/span> <span data-olk-copy-source=\"MessageBody\">GIORDANO) <\/span>:<\/u><\/em>\u00a0elle analyse les demandes des parents, les soutient dans leur r\u00f4le. Elle \u00e9coute et peut \u00e9galement aider les jeunes pour divers probl\u00e8mes\u00a0: personnels, familiaux (conflits, situations douloureuses, \u2026), scolaires (d\u00e9crochage, d\u00e9motivation\u00a0\u2026), d\u2019int\u00e9gration dans la classe, \u2026<\/li>\n<\/ul>\n<p>[\/et_pb_text][\/et_pb_column][\/et_pb_row][et_pb_row column_structure=\u00a0\u00bb1_2,1_2&Prime; disabled_on=\u00a0\u00bboff|on|off\u00a0\u00bb _builder_version=\u00a0\u00bb4.27.4&Prime; _module_preset=\u00a0\u00bbdefault\u00a0\u00bb custom_margin=\u00a0\u00bb-40px||||false|false\u00a0\u00bb custom_margin_tablet=\u00a0\u00bb\u00a0\u00bb custom_margin_phone=\u00a0\u00bb\u00a0\u00bb custom_margin_last_edited=\u00a0\u00bbon|desktop\u00a0\u00bb hover_enabled=\u00a0\u00bb0&Prime; global_colors_info=\u00a0\u00bb{}\u00a0\u00bb sticky_enabled=\u00a0\u00bb0&Prime;][et_pb_column type=\u00a0\u00bb1_2&Prime; _builder_version=\u00a0\u00bb4.16&Prime; _module_preset=\u00a0\u00bbdefault\u00a0\u00bb global_colors_info=\u00a0\u00bb{}\u00a0\u00bb][et_pb_button button_url=\u00a0\u00bbmailto:giordanol.pms@gmail.com\u00a0\u00bb button_text=\u00a0\u00bbEmail\u00a0\u00bb button_alignment=\u00a0\u00bbcenter\u00a0\u00bb _builder_version=\u00a0\u00bb4.27.4&Prime; _module_preset=\u00a0\u00bbdefault\u00a0\u00bb hover_enabled=\u00a0\u00bb0&Prime; global_colors_info=\u00a0\u00bb{}\u00a0\u00bb sticky_enabled=\u00a0\u00bb0&Prime;][\/et_pb_button][\/et_pb_column][et_pb_column type=\u00a0\u00bb1_2&Prime; _builder_version=\u00a0\u00bb4.16&Prime; _module_preset=\u00a0\u00bbdefault\u00a0\u00bb global_colors_info=\u00a0\u00bb{}\u00a0\u00bb][et_pb_button button_url=\u00a0\u00bbtel:0499 65 70 94&Prime; button_text=\u00a0\u00bbGSM : 0499 65 70 94&Prime; button_alignment=\u00a0\u00bbcenter\u00a0\u00bb _builder_version=\u00a0\u00bb4.27.4&Prime; _module_preset=\u00a0\u00bbdefault\u00a0\u00bb hover_enabled=\u00a0\u00bb0&Prime; global_colors_info=\u00a0\u00bb{}\u00a0\u00bb sticky_enabled=\u00a0\u00bb0&Prime;][\/et_pb_button][\/et_pb_column][\/et_pb_row][et_pb_row _builder_version=\u00a0\u00bb4.16&Prime; _module_preset=\u00a0\u00bbdefault\u00a0\u00bb global_colors_info=\u00a0\u00bb{}\u00a0\u00bb][et_pb_column type=\u00a0\u00bb4_4&Prime; _builder_version=\u00a0\u00bb4.16&Prime; _module_preset=\u00a0\u00bbdefault\u00a0\u00bb global_colors_info=\u00a0\u00bb{}\u00a0\u00bb][et_pb_text _builder_version=\u00a0\u00bb4.17.4&Prime; _module_preset=\u00a0\u00bbdefault\u00a0\u00bb global_colors_info=\u00a0\u00bb{}\u00a0\u00bb]<\/p>\n<p>Tout au long du cursus scolaire, tous les \u00e9l\u00e8ves b\u00e9n\u00e9ficient de diverses animations organis\u00e9es par le Centre PMS (\u00ab\u00a0faire connaissance en 1<sup>\u00e8re<\/sup> secondaire\u00a0\u00bb, l\u2019orientation en 2<sup>\u00e8me<\/sup>, 4<sup>\u00e8me<\/sup> et 6<sup>\u00e8me<\/sup> secondaire, \u2026).<\/p>\n<p>Les bureaux du Centre P.M.S. se trouvent dans l\u2019enceinte de l\u2019Ath\u00e9n\u00e9e.<\/p>\n<p>Le Centre a, pour les parents, une entr\u00e9e s\u00e9par\u00e9e de celle de l&rsquo;\u00e9cole (voir adresse ci-dessous)<\/p>\n<p>Nous collaborons aussi, si n\u00e9cessaire, avec d\u2019autres services tels que\u00a0les plannings familiaux, les services d\u2019Aide en Milieu Ouvert, Infor Jeunes, les intervenants ext\u00e9rieurs comme les logop\u00e8des, \u2026<\/p>\n<h2 class=\"row-title\" style=\"text-align: center;\">Cabinet de consultation<\/h2>\n<div class=\"row\">\n<div class=\"column self-stretch\" style=\"width: 100%;\">\n<div class=\"column-content\">\n<div class=\"clearfix\">\n<p style=\"text-align: center;\"><span style=\"font-family: lucida sans unicode,lucida grande,sans-serif;\"><span style=\"font-size: 16px;\">Centre Psycho-M\u00e9dico-Social de la f\u00e9d\u00e9ration Wallonie-Bruxelles<\/span><\/span><\/p>\n<p style=\"text-align: center;\"><span style=\"font-family: lucida sans unicode,lucida grande,sans-serif;\"><span style=\"font-size: 16px;\">Rue L\u00e9opold II, 10<br \/>7000\u00a0\u00a0 Mons<\/span><\/span><\/p>\n<p style=\"text-align: center;\">T\u00e9l: <span style=\"text-decoration: line-through;\">065\/31.17.39<\/span><\/p>\n<p style=\"text-align: center;\"><span style=\"color: #000000; font-family: 'Segoe UI', 'Segoe UI Web (West European)', 'Segoe UI', -apple-system, BlinkMacSystemFont, Roboto, 'Helvetica Neue', sans-serif; font-size: 15px; font-style: normal; font-variant-ligatures: normal; font-variant-caps: normal; font-weight: 400; letter-spacing: normal; orphans: 2; text-align: start; text-indent: 0px; text-transform: none; widows: 2; word-spacing: 0px; -webkit-text-stroke-width: 0px; white-space: normal; background-color: #ffffff; text-decoration-thickness: initial; text-decoration-style: initial; text-decoration-color: initial; display: inline !important; float: none;\">Cpms WBE Mons avenue du champ de mars 2 \u00e0 7000 Mons : 065 84 80 14<\/span><\/p>\n<p style=\"text-align: center;\"><span style=\"font-family: lucida sans unicode,lucida grande,sans-serif;\"><span style=\"font-size: 16px;\">Email: <a href=\"mailto:centre.mons.pmswbe@gmail.com\" data-auth=\"NotApplicable\" data-ogsc=\"\" data-linkindex=\"6\" style=\"border: 0px; font-style: normal; font-variant-ligatures: normal; font-variant-caps: normal; font-variant-numeric: inherit; font-variant-east-asian: inherit; font-variant-alternates: inherit; font-weight: 400; font-stretch: inherit; font-size: 15px; line-height: inherit; font-family: 'Segoe UI', 'Segoe UI Web (West European)', 'Segoe UI', -apple-system, BlinkMacSystemFont, Roboto, 'Helvetica Neue', sans-serif; font-optical-sizing: inherit; font-kerning: inherit; font-feature-settings: inherit; font-variation-settings: inherit; margin: 0px; padding: 0px; vertical-align: baseline; letter-spacing: normal; orphans: 2; text-align: start; text-indent: 0px; text-transform: none; white-space: normal; widows: 2; word-spacing: 0px; -webkit-text-stroke-width: 0px; background-color: #ffffff;\">centre.mons.pmswbe@gmail.com<\/a><br \/><\/span><\/span><\/p>\n<\/div>\n<\/div>\n<\/div>\n<\/div>\n<p>[\/et_pb_text][\/et_pb_column][\/et_pb_row][\/et_pb_section]<\/p>\n","protected":false},"excerpt":{"rendered":"<p>Pour toute urgence prophylactique, contacter Mme Fransens au 065.84.80.14 ou au 0477\/57.96.95.Le Centre PMS est un lieu d&rsquo;accueil, d&rsquo;\u00e9coute et de dialogue o\u00f9 le jeune et\/ou sa famille peuvent aborder les questions qui les pr\u00e9occupent en mati\u00e8re de scolarit\u00e9, d&rsquo;\u00e9ducation, de vie familiale et sociale, de sant\u00e9, d&rsquo;orientation scolaire et professionnelle, \u2026. Il est \u00e0 [&hellip;]<\/p>\n","protected":false},"author":2,"featured_media":0,"parent":0,"menu_order":0,"comment_status":"closed","ping_status":"closed","template":"","meta":{"_et_pb_use_builder":"on","_et_pb_old_content":"","_et_gb_content_width":"","footnotes":""},"class_list":["post-2209","page","type-page","status-publish","hentry"],"_links":{"self":[{"href":"https:\/\/www.armons1.be\/index.php\/wp-json\/wp\/v2\/pages\/2209","targetHints":{"allow":["GET"]}}],"collection":[{"href":"https:\/\/www.armons1.be\/index.php\/wp-json\/wp\/v2\/pages"}],"about":[{"href":"https:\/\/www.armons1.be\/index.php\/wp-json\/wp\/v2\/types\/page"}],"author":[{"embeddable":true,"href":"https:\/\/www.armons1.be\/index.php\/wp-json\/wp\/v2\/users\/2"}],"replies":[{"embeddable":true,"href":"https:\/\/www.armons1.be\/index.php\/wp-json\/wp\/v2\/comments?post=2209"}],"version-history":[{"count":18,"href":"https:\/\/www.armons1.be\/index.php\/wp-json\/wp\/v2\/pages\/2209\/revisions"}],"predecessor-version":[{"id":3993,"href":"https:\/\/www.armons1.be\/index.php\/wp-json\/wp\/v2\/pages\/2209\/revisions\/3993"}],"wp:attachment":[{"href":"https:\/\/www.armons1.be\/index.php\/wp-json\/wp\/v2\/media?parent=2209"}],"curies":[{"name":"wp","href":"https:\/\/api.w.org\/{rel}","templated":true}]}}